{"id":1648,"date":"2021-06-01T11:07:33","date_gmt":"2021-06-01T09:07:33","guid":{"rendered":"https:\/\/www.stelkom.si\/piskotki\/"},"modified":"2023-01-19T10:28:10","modified_gmt":"2023-01-19T09:28:10","slug":"cookies","status":"publish","type":"page","link":"https:\/\/www.stelkom.si\/en\/cookies\/","title":{"rendered":"Cookies"},"content":{"rendered":"<section class=\"kc-elm kc-css-919785 kc_row\"><div class=\" container\"><div class=\"row\"><div class=\"kc-elm kc-css-866073 col-12 col-sm-12 column col-12 col-sm-12\"><div class=\"kc-col-container\"><div class=\"kc-elm kc-css-589447 kc_text_block\"><\/p>\n<h2>Stelkom d.o.o. \u2013 POLITIKA PI\u0160KOTKOV<\/h2>\n<p>Pri Stelkom d.o.o. za zagotavljanje dobre uporabni\u0161ke izku\u0161nje na na\u0161i spletni strani, uporabljamo pi\u0161kotke.<\/p>\n<p>Ta politika pi\u0161kotkov vsebuje informacije o uporabi pi\u0161kotkov na na\u0161i spletni strani.<\/p>\n<p>Poleg politike pi\u0161kotkov prosimo, da si preberete tudi na\u0161o generalno politiko zasebnosti, ki vam je na voljo <a href=\"https:\/\/www.stelkom.si\/politika-zasebnosti\/\">tukaj<\/a>.<\/p>\n<p>Vabimo vas, da si to politiko pozorno preberete.<\/p>\n<h2>Kaj so pi\u0161kotki?<\/h2>\n<p>Pi\u0161kotki so majhne besedilne datoteke, ki se shranijo na naprave obiskovalcev spletnih strani, ko do teh spletnih mest dostopajo. Pi\u0161kotki opravljajo razli\u010dne funkcije, ki jih podrobneje opredeljujemo spodaj.<\/p>\n<h2>Katere pi\u0161kotke uporabljamo?<\/h2>\n<p>Na na\u0161i spletni strani, <a href=\"http:\/\/www.stelkom.si\">www.stelkom.si<\/a> uporabljamo naslednje pi\u0161kotke:<\/p>\n<ul>\n<li>Nujni pi\u0161kotki,<\/li>\n<li>Funkcionalni pi\u0161kotki,<\/li>\n<li>Statisti\u010dni pi\u0161kotki.<\/li>\n<\/ul>\n<p><strong>Nujni pi\u0161kotki<\/strong> so tisti, ki so potrebni da na\u0161a spletna stran pravilno deluje. Te pi\u0161kotki vas ne morejo identificirati; njihova naloga je le zagotavljanje pravilnega prikazovanja spletne strani. Izklju\u010ditev teh pi\u0161kotkov ni mogo\u010da.<\/p>\n<p><strong>Funckionalni pi\u0161kotki<\/strong> so pi\u0161kotki, ki vam omogo\u010dajo, da si spletno stran ogledate v razli\u010dnih jezikovnih razli\u010dicah. Te pi\u0161kotke uporabljamo na podlagi va\u0161ega soglasja.<\/p>\n<p><strong>Statisti<\/strong><strong>\u010d<\/strong><strong>ni pi\u0161kotki<\/strong> so pi\u0161kotki, ki nam omogo\u010dajo izvajanje statisti\u010dnih analiz spletne strani. Na podlagi teh pi\u0161kotkov izvajamo optimizacijo spletne strani in skrbimo, da je va\u0161a uporabni\u0161ka izku\u0161nja \u010dim bolj\u0161a. Te pi\u0161kotke uporabljamo na podlagi va\u0161ega soglasja.<\/p>\n<h2>Kako lahko uredim nastavitve pi\u0161kotkov?<\/h2>\n<p>Nastavitve pi\u0161kotkov lahko vedno uredite na na\u0161i spletni strani: <a href=\"http:\/\/www.stelkom.si\">www.stelkom.si<\/a> in sicer v posameznem brskalniku. \u010ce uporabljate ve\u010d brsklanikov, je potrebno nastavitve urediti v vsakem brskalniku. Prav tako je mo\u017eno, da boste zaradi nadgradnje brskalnika ali drugih posodobitev morali ponovno nastaviti tudi pi\u0161kotke.<\/p>\n<p>Za pomo\u010d pri nastavitvah vam spodaj podajamo linke do navodil za nastavitev v posameznem brskalniku:<\/p>\n<ul>\n<li><a href=\"https:\/\/support.google.com\/chrome\/answer\/95647?co=GENIE.Platform%3DDesktop&#038;hl=en\" target=\"_blank\" rel=\"noopener\">Chrome<\/a><\/li>\n<li><a href=\"https:\/\/support.mozilla.org\/en-US\/kb\/clear-cookies-and-site-data-firefox\" target=\"_blank\" rel=\"noopener\">Firefox<\/a><\/li>\n<li><a href=\"https:\/\/support.microsoft.com\/en-us\/help\/17442\/windows-internet-explorer-delete-manage-cookies\" target=\"_blank\" rel=\"noopener\">Internet Explorer<\/a><\/li>\n<li><a href=\"https:\/\/support.apple.com\/sl-si\/guide\/safari\/sfri11471\/mac\" target=\"_blank\" rel=\"noopener\">Safari<\/a><\/li>\n<li><a href=\"https:\/\/blogs.opera.com\/news\/2015\/08\/how-to-manage-cookies-in-opera\/\" target=\"_blank\" rel=\"noopener\">Opera<\/a><\/li>\n<\/ul>\n<p>V kolikor ste na na\u0161i spletni strani prvi\u010d, lahko pi\u0161kotke uredite pi\u0161kotke v pojavnem oknu.<\/p>\n<p>Prav tako lahko vedno uredite spletne pi\u0161kotke s pomo\u010djo na\u0161ega orodja.<\/p>\n<h2>Nameni obdelave osebnih podatkov<\/h2>\n<p>Pi\u0161kotke lahko uporabljamo za razli\u010dne namene; dolo\u010deni so nujni, da na\u0161a spletna mesta sploh delujejo, drugi vam omogo\u010dajo prilagoditve spletnih mest, medtem ko analiti\u010dni pi\u0161kotki omogo\u010dajo vpogled v uporabo na\u0161e spletne strani.<\/p>\n<p>Na na\u0161i spletni strani uporabljamo pi\u0161kotke za:<\/p>\n<ul>\n<li>Delovanje spletne strani;<\/li>\n<li>Zagotavljanje jezikovnih razli\u010dic spletne strani;<\/li>\n<li>Zagotavljanje varnosti spletne strani;<\/li>\n<li>Izvajanje analiz spletnega mesta;<\/li>\n<li>Zagotavljanje vti\u010dnikov za socialna omre\u017eja.<\/li>\n<\/ul>\n<h2>Va\u0161e pravice<\/h2>\n<p>Pravice, ki jih imate glede obdelave osebnih podatkov, so opredeljene v na\u0161i politiki zasebnosti, do katere lahko dostopate <a href=\"https:\/\/www.stelkom.si\/politika-zasebnosti\/\">tukaj<\/a>. \u00a0<\/p>\n<h2>Spremembe te politike<\/h2>\n<p>To politiko pi\u0161kotkov lahko kadarkoli spremenimo. Posodobljena verzija politike vam je na voljo: <a href=\"https:\/\/www.stelkom.si\/piskotki\/\">https:\/\/www.stelkom.si\/piskotki\/<\/a>.<\/p>\n<h2>Kontakt<\/h2>\n<p>Za kakr\u0161nakoli vpra\u0161anja glede te politike se lahko obrnete na nas na: <a href=\"mailto:info@stelkom.si\">info@stelkom.si<\/a>.<\/p>\n<h2>Povzetek pi\u0161kotkov<\/h2>\n<table>\n<tbody>\n<tr>\n<td width=\"162\">\n<p>Ime pi\u0161kotka<\/p>\n<\/td>\n<td width=\"148\">\n<p>Namen<\/p>\n<\/td>\n<td width=\"146\">\n<p>Trajanje<\/p>\n<\/td>\n<td width=\"149\">\n<p>Lastni pi\u0161kotek\/pi\u0161kotek tretje osebe<\/p>\n<\/td>\n<\/tr>\n<tr>\n<td width=\"162\">\n<p>_ga<\/p>\n<\/td>\n<td width=\"148\">\n<p>Analitika<\/p>\n<\/td>\n<td width=\"146\">\n<p>2 leti<\/p>\n<\/td>\n<td width=\"149\">\n<p>Lastni pi\u0161kotek<\/p>\n<\/td>\n<\/tr>\n<tr>\n<td width=\"162\">\n<p>_gid<\/p>\n<\/td>\n<td width=\"148\">\n<p>Analitika<\/p>\n<\/td>\n<td width=\"146\">\n<p>1 dan<\/p>\n<\/td>\n<td width=\"149\">\n<p>Lastni pi\u0161kotek<\/p>\n<\/td>\n<\/tr>\n<tr>\n<td width=\"162\">\n<p>_gat_UA<\/p>\n<\/td>\n<td width=\"148\">\n<p>Analitika<\/p>\n<\/td>\n<td width=\"146\">\n<p>sejni<\/p>\n<\/td>\n<td width=\"149\">\n<p>Lastni pi\u0161kotek<\/p>\n<\/td>\n<\/tr>\n<tr>\n<td width=\"162\">\n<p>wp-wpml_current_language<\/p>\n<\/p>\n<\/td>\n<td width=\"148\">\n<p>Zagotavljanje jezikovnih razli\u010dic<\/p>\n<\/td>\n<td width=\"146\">\n<p>1 dan<\/p>\n<\/td>\n<td width=\"149\">\n<p>Lastni pi\u0161kotek<\/p>\n<\/td>\n<\/tr>\n<\/tbody>\n<\/table>\n<p>\n<\/div><\/div><\/div><\/div><\/div><\/section>\n","protected":false},"excerpt":{"rendered":"","protected":false},"author":9,"featured_media":0,"parent":0,"menu_order":0,"comment_status":"closed","ping_status":"closed","template":"page-templates\/left-sidebarpage.php","meta":{"_acf_changed":false,"footnotes":""},"class_list":["post-1648","page","type-page","status-publish","hentry"],"acf":[],"_links":{"self":[{"href":"https:\/\/www.stelkom.si\/en\/wp-json\/wp\/v2\/pages\/1648","targetHints":{"allow":["GET"]}}],"collection":[{"href":"https:\/\/www.stelkom.si\/en\/wp-json\/wp\/v2\/pages"}],"about":[{"href":"https:\/\/www.stelkom.si\/en\/wp-json\/wp\/v2\/types\/page"}],"author":[{"embeddable":true,"href":"https:\/\/www.stelkom.si\/en\/wp-json\/wp\/v2\/users\/9"}],"replies":[{"embeddable":true,"href":"https:\/\/www.stelkom.si\/en\/wp-json\/wp\/v2\/comments?post=1648"}],"version-history":[{"count":0,"href":"https:\/\/www.stelkom.si\/en\/wp-json\/wp\/v2\/pages\/1648\/revisions"}],"wp:attachment":[{"href":"https:\/\/www.stelkom.si\/en\/wp-json\/wp\/v2\/media?parent=1648"}],"curies":[{"name":"wp","href":"https:\/\/api.w.org\/{rel}","templated":true}]}}